{"id":46,"date":"2020-06-19T07:02:33","date_gmt":"2020-06-19T07:02:33","guid":{"rendered":"https:\/\/kinderland-hhm.de\/?page_id=46"},"modified":"2023-07-11T12:28:29","modified_gmt":"2023-07-11T12:28:29","slug":"impressum-und-datenschutz","status":"publish","type":"page","link":"https:\/\/kinderland-hhm.de\/index.php\/impressum-und-datenschutz\/","title":{"rendered":"Impressum und Datenschutz"},"content":{"rendered":"\t\t<div data-elementor-type=\"wp-page\" data-elementor-id=\"46\" class=\"elementor elementor-46\">\n\t\t\t\t\t\t<section class=\"elementor-section elementor-top-section elementor-element elementor-element-1a3364c elementor-section-boxed elementor-section-height-default elementor-section-height-default\" data-id=\"1a3364c\" data-element_type=\"section\" data-e-type=\"section\" data-settings=\"{&quot;background_background&quot;:&quot;classic&quot;}\">\n\t\t\t\t\t\t<div class=\"elementor-container elementor-column-gap-default\">\n\t\t\t\t\t<div class=\"elementor-column elementor-col-100 elementor-top-column elementor-element elementor-element-be7610c\" data-id=\"be7610c\" data-element_type=\"column\" data-e-type=\"column\">\n\t\t\t<div class=\"elementor-widget-wrap elementor-element-populated\">\n\t\t\t\t\t\t<div class=\"elementor-element elementor-element-c6c8570 elementor-widget elementor-widget-text-editor\" data-id=\"c6c8570\" data-element_type=\"widget\" data-e-type=\"widget\" data-widget_type=\"text-editor.default\">\n\t\t\t\t<div class=\"elementor-widget-container\">\n\t\t\t\t\t\t\t\t\t<a href=\"https:\/\/kinderland-hhm.de\/\">HOME <\/a>|\n<a href=\"https:\/\/kinderland-hhm.de\/index.php\/uebergaenge\/\"> \u00dcBERG\u00c4NGE <\/a>|\n<a href=\"https:\/\/kinderland-hhm.de\/index.php\/konzept\/\"> UNSER KONZEPT &#8211; KNEIPP<\/a>\t\t\t\t\t\t\t\t<\/div>\n\t\t\t\t<\/div>\n\t\t\t\t\t<\/div>\n\t\t<\/div>\n\t\t\t\t\t<\/div>\n\t\t<\/section>\n\t\t\t\t<section class=\"elementor-section elementor-top-section elementor-element elementor-element-110a97c elementor-section-boxed elementor-section-height-default elementor-section-height-default\" data-id=\"110a97c\" data-element_type=\"section\" data-e-type=\"section\">\n\t\t\t\t\t\t<div class=\"elementor-container elementor-column-gap-default\">\n\t\t\t\t\t<div class=\"elementor-column elementor-col-100 elementor-top-column elementor-element elementor-element-9d97569\" data-id=\"9d97569\" data-element_type=\"column\" data-e-type=\"column\" data-settings=\"{&quot;background_background&quot;:&quot;classic&quot;}\">\n\t\t\t<div class=\"elementor-widget-wrap elementor-element-populated\">\n\t\t\t\t\t\t<div class=\"elementor-element elementor-element-afb245a elementor-widget elementor-widget-image\" data-id=\"afb245a\" data-element_type=\"widget\" data-e-type=\"widget\" data-widget_type=\"image.default\">\n\t\t\t\t<div class=\"elementor-widget-container\">\n\t\t\t\t\t\t\t\t\t\t\t\t\t\t\t<img fetchpriority=\"high\" decoding=\"async\" width=\"1142\" height=\"269\" src=\"https:\/\/kinderland-hhm.de\/wp-content\/uploads\/2020\/06\/header01.jpg\" class=\"attachment-full size-full wp-image-9\" alt=\"\" srcset=\"https:\/\/kinderland-hhm.de\/wp-content\/uploads\/2020\/06\/header01.jpg 1142w, https:\/\/kinderland-hhm.de\/wp-content\/uploads\/2020\/06\/header01-300x71.jpg 300w, https:\/\/kinderland-hhm.de\/wp-content\/uploads\/2020\/06\/header01-1024x241.jpg 1024w, https:\/\/kinderland-hhm.de\/wp-content\/uploads\/2020\/06\/header01-768x181.jpg 768w\" sizes=\"(max-width: 1142px) 100vw, 1142px\" \/>\t\t\t\t\t\t\t\t\t\t\t\t\t\t\t<\/div>\n\t\t\t\t<\/div>\n\t\t\t\t\t<\/div>\n\t\t<\/div>\n\t\t\t\t\t<\/div>\n\t\t<\/section>\n\t\t\t\t<section class=\"elementor-section elementor-top-section elementor-element elementor-element-bf7c4a7 elementor-section-boxed elementor-section-height-default elementor-section-height-default\" data-id=\"bf7c4a7\" data-element_type=\"section\" data-e-type=\"section\">\n\t\t\t\t\t\t<div class=\"elementor-container elementor-column-gap-default\">\n\t\t\t\t\t<div class=\"elementor-column elementor-col-100 elementor-top-column elementor-element elementor-element-05f4193\" data-id=\"05f4193\" data-element_type=\"column\" data-e-type=\"column\" data-settings=\"{&quot;background_background&quot;:&quot;classic&quot;}\">\n\t\t\t<div class=\"elementor-widget-wrap elementor-element-populated\">\n\t\t\t\t\t\t<div class=\"elementor-element elementor-element-01e53ed elementor-widget elementor-widget-text-editor\" data-id=\"01e53ed\" data-element_type=\"widget\" data-e-type=\"widget\" data-widget_type=\"text-editor.default\">\n\t\t\t\t<div class=\"elementor-widget-container\">\n\t\t\t\t\t\t\t\t\t<h2>IMPRESSUM UND DATENSCHUTZ<\/h2><p><strong>Impressum<\/strong><br \/>Verantwortlich f\u00fcr Inhalte nach \u00a7 6 MDStV<br \/>Integrative KiTa &#8222;Kinderland-Sonnenschein&#8220; \u2013 Tr\u00e4ger der Einrichtung: Stadt Hohenm\u00f6lsen<br \/>August-Bebel-Str. 43 <br \/>Tel.: 034441\/ 2 22 67 <br \/>Fax: 034441\/ 39 23 34 <br \/><strong>Email:<\/strong> kinderland@stadt-hohenmoelsen.de<br \/><strong>Internet:<\/strong> www.kinderland-hhm.de <br \/><strong>Ansprechpartner:<\/strong> Luisa Benthin (Leiterin der Einrichtung)<\/p><p><strong>Webpflege, Bild- und Textmaterial:<\/strong><br \/>Integrative KiTa &#8222;Kinderland-Sonnenschein&#8220;<\/p><p><strong>Haftungsbeschr\u00e4nkung f\u00fcr eigene Inhalte<\/strong><br \/>Die Inhalte unserer Webseiten wurden sorgf\u00e4ltig und nach bestem Gewissen erstellt. Gleichwohl kann f\u00fcr die Aktualit\u00e4t, Vollst\u00e4ndigkeit und Richtigkeit s\u00e4mtlicher Seiten keine Gew\u00e4hr \u00fcbernommen werden. Gem\u00e4\u00df \u00a7 7 Abs. 1 TMG sind wir als Diensteanbieter f\u00fcr eigene Inhalte auf diesen Seiten nach den allgemeinen Gesetzen verantwortlich. Wir sind als Diensteanbieter nach den \u00a7\u00a7 8 bis 10 TMG jedoch nicht verpflichtet, \u00fcbermittelte oder gespeicherte fremde Informationen zu \u00fcberwachen. Ab dem Zeitpunkt der Kenntnis einer konkreten Rechtsverletzung erfolgt eine umgehende Entfernung dieser Inhalte durch uns. Eine diesbez\u00fcgliche Haftung kann erst ab dem Zeitpunkt der Kenntniserlangung \u00fcbernommen werden.<\/p><p><strong>Haftungsbeschr\u00e4nkung f\u00fcr externe Links<\/strong><br \/>Unsere Webseite enth\u00e4lt Verkn\u00fcpfungen zu Webseiten Dritter (sog. \u201eexterne Links\u201c). Da wir auf deren Inhalte keinen Einfluss haben, kann f\u00fcr die fremden Inhalte keine Gew\u00e4hr \u00fcbernommen werden. F\u00fcr die Inhalte und Richtigkeit der Informationen ist stets der jeweilige Informationsanbieter der verlinkten Webseite verantwortlich. Zum Zeitpunkt der Verlinkung waren keine Rechtsverst\u00f6\u00dfe erkennbar. Sobald uns eine Rechtsverletzung bekannt wird, werden wir den jeweiligen Link umgehend entfernen.<\/p><p><strong>Urheberrecht<\/strong><br \/>Die auf dieser Webseite ver\u00f6ffentlichten Inhalte und Werke unterliegen dem deutschen Urheberrecht. Jede Vervielf\u00e4ltigung, Bearbeitung, Verbreitung und jede Art der Verwertung au\u00dferhalb der Grenzen des Urheberrechts bed\u00fcrfen der vorherigen schriftlichen Zustimmung des jeweiligen Urhebers bzw. Autors.<\/p><p><strong>Datenschutzerkl\u00e4rung Stadt Hohenm\u00f6lsen<\/strong><br \/>Diese Datenschutzerkl\u00e4rung gilt f\u00fcr unseren Internetauftritt www.kinderland-hhm.de. Dieser ist bei der Firma netclusive GmbH, Robert-Bosch-Str. 10, Haus I, D-56410 Montabaurtechnisch gehostet. Die Seite ist mit dem OpenSource-CMS-System WordPress erstellt. Selbstverst\u00e4ndlich beachten wir die gesetzlichen Bestimmungen der EU-DSGVO, des Landesdatenschutzgesetzes (DSG-LSA), des Telemediengesetzes (TMG) und anderer datenschutzrechtlicher Bestimmungen. <br \/>Erfassung allgemeiner Informationen<br \/>Diese Website wird auf einem Webserver betrieben, der auf Grundlage unseres berechtigten Interesses im Sinne des Art. 6 Abs. 1 S. 1 lit. f DSGVO Logfiles anlegt, in denen die Zugriffe mit IP (Access-Logfiles) protokolliert werden. Diese Daten werden nach 90 Tagen automatisch gel\u00f6scht und dienen ausschlie\u00dflich der Abwehr m\u00f6glicher Angriffe durch Hacker auf das System und der Fehleranalyse. Zugriff auf diese Logfiles haben unsere ISO 9001:2008 Systemadministratoren. Regelm\u00e4\u00dfig werden die Administratoren geschult und auf ihre besondere Stellung im Umgang mit Nutzerdaten hingewiesen. In den Logfiles werden folgende Daten erfasst:<\/p><ul><li>Browsertyp und Browserversion<\/li><li>das verwendete Betriebssystem<\/li><li>die Referrer-URL (die zuvor besuchte und von der auf unseren Webauftritt verlinkten Webseite)<\/li><li>die IP-Adresse des zugreifenden Rechners (Netzes)<\/li><li>das Datum und die Uhrzeit der Serveranfrage<\/li><li>der \u00fcbermittelte Status-Code<\/li><li>Suchbegriffe, die in das Suchformular eingetragen wurden<\/li><li>das abgerufene Dokument\/ Seite<\/li><\/ul><div>\u00a0<\/div><p>Anonyme Informationen dieser Art werden von uns statistisch ausgewertet, um unseren Internetauftritt und die dahinterstehende Technik zu optimieren. Die Stadt Hohenm\u00f6lsen beachtet die Datenschutzbestimmungen und behandelt personengebundene Daten streng vertraulich und gibt diese nicht an Dritte weiter. Sofern innerhalb des Internetangebotes die M\u00f6glichkeit zur Eingabe personengebundener Daten (Email-Adressen, Namen, Anschriften) besteht, so erfolgt die Preisgabe dieser Daten seitens des Nutzers auf ausdr\u00fccklich freiwilliger Basis. Wir erheben dabei nur solche Daten, die f\u00fcr die Aufnahme oder Abwicklung einer Verwaltungshandlung notwendig sind. Auf Wunsch teilen wir Ihnen gerne mit, welche Daten wir \u00fcber Sie gespeichert haben. Bei personenbezogenen Daten handelt es sich um Informationen mit Hilfe derer eine Person bestimmbar ist, z.B. der Name, Telefonnummer, Bankverbindung, Email-Adresse. Aber auch andere Daten wie Hobbies oder besuchte Webseiten sind personenbezogene Daten, wenn Sie durch das Zusammenf\u00fchren mit anderen Informationen den R\u00fcckschluss auf eine bestimmte Person zulassen. Wir erheben personenbezogene Daten nur dann, wenn es uns gesetzlich erlaubt ist oder wir die Einwilligung der Nutzer vorliegen haben.<\/p><p><strong>Cookies<\/strong><br \/>Diese Webseite verwendet keine \u201eCookies\u201c. (Cookies sind kleine Textdateien, die von einem Webseitenserver auf Ihre Festplatte \u00fcbertragen werden. Hierdurch erhalten wir automatisch bestimmte Daten wie z. B. IP-Adresse, verwendeter Browser, Betriebssystem \u00fcber Ihren Computer und Ihre Verbindung zum Internet.) Cookies k\u00f6nnen nicht verwendet werden, um Programme zu starten oder Viren auf einen Computer zu \u00fcbertragen. Anhand der in Cookies enthaltenen Informationen k\u00f6nnen wir Ihnen die Navigation erleichtern und die korrekte Anzeige unserer Webseiten erm\u00f6glichen. In keinem Fall werden die von uns erfassten Daten an Dritte weitergegeben oder ohne Ihre Einwilligung eine Verkn\u00fcpfung mit personenbezogenen Daten hergestellt.<\/p><p><strong>Kontaktm\u00f6glichkeiten<\/strong><br \/>Treten Sie per E-Mail, Telefon oder Kontaktformular mit uns in Kontakt, werden die von Ihnen gemachten Angaben zum Zwecke der Bearbeitung der Anfrage sowie f\u00fcr m\u00f6gliche Anschlussfragen gem\u00e4\u00df Art. 6 Abs. 1 S. 1 lit b) DSGVO gespeichert. Die L\u00f6schung der Daten erfolgt mit Wegfall Ihrer Erforderlichkeit. Es gelten die gesetzlichen Aufbewahrungspflichten.<\/p><p><strong>Ihre Rechte auf Auskunft, Berichtigung, Sperre, L\u00f6schung und Widerspruch<\/strong><br \/>Sie haben das Recht, jederzeit Auskunft \u00fcber Ihre bei uns gespeicherten personenbezogenen Daten zu erhalten. Ebenso haben Sie das Recht auf Berichtigung, Sperrung oder, abgesehen von der vorgeschriebenen Datenspeicherung zur Gesch\u00e4ftsabwicklung, L\u00f6schung Ihrer personenbezogenen Daten. Bitte wenden Sie sich dazu an unseren Datenschutzbeauftragten. Die Kontaktdaten finden Sie weiter unten. Damit eine Sperre von Daten jederzeit ber\u00fccksichtigt werden kann, m\u00fcssen diese Daten zu Kontrollzwecken in einer Sperrdatei vorgehalten werden. Sie k\u00f6nnen auch die L\u00f6schung der Daten verlangen, soweit keine gesetzliche Archivierungsverpflichtung besteht. Soweit eine solche Verpflichtung besteht, sperren wir Ihre Daten auf Wunsch. Sie k\u00f6nnen \u00c4nderungen oder den Widerruf einer Einwilligung durch entsprechende Mitteilung an uns mit Wirkung f\u00fcr die Zukunft vornehmen.<\/p><p><strong>\u00c4nderung unserer Datenschutzbestimmungen<\/strong><br \/>Wir behalten uns vor, diese Datenschutzerkl\u00e4rung gelegentlich anzupassen, damit sie stets den aktuellen rechtlichen Anforderungen entspricht oder um \u00c4nderungen unserer Leistungen in der Datenschutzerkl\u00e4rung umzusetzen, z. B. bei der Einf\u00fchrung neuer Services. F\u00fcr Ihren erneuten Besuch gilt dann die neue Datenschutzerkl\u00e4rung.<\/p><p><strong>Fragen an den Datenschutzbeauftragten<\/strong><br \/>Wenn Sie Fragen zum Datenschutz haben, schreiben Sie uns bitte eine E-Mail oder wenden Sie sich direkt an unseren Datenschutzbeauftragten: <br \/>DSB[a]stadt-hohenmoelsen.de <br \/>oder Datenschutzbeauftragter der Stadt Hohenm\u00f6lsen, Markt 1, 06679 Hohenm\u00f6lsen<\/p>\t\t\t\t\t\t\t\t<\/div>\n\t\t\t\t<\/div>\n\t\t\t\t\t<\/div>\n\t\t<\/div>\n\t\t\t\t\t<\/div>\n\t\t<\/section>\n\t\t\t\t<section class=\"elementor-section elementor-top-section elementor-element elementor-element-85ce546 elementor-section-boxed elementor-section-height-default elementor-section-height-default\" data-id=\"85ce546\" data-element_type=\"section\" data-e-type=\"section\">\n\t\t\t\t\t\t<div class=\"elementor-container elementor-column-gap-default\">\n\t\t\t\t\t<div class=\"elementor-column elementor-col-100 elementor-top-column elementor-element elementor-element-fc32ba2\" data-id=\"fc32ba2\" data-element_type=\"column\" data-e-type=\"column\">\n\t\t\t<div class=\"elementor-widget-wrap elementor-element-populated\">\n\t\t\t\t\t\t<div class=\"elementor-element elementor-element-38647c6 elementor-widget elementor-widget-spacer\" data-id=\"38647c6\" data-element_type=\"widget\" data-e-type=\"widget\" data-widget_type=\"spacer.default\">\n\t\t\t\t<div class=\"elementor-widget-container\">\n\t\t\t\t\t\t\t<div class=\"elementor-spacer\">\n\t\t\t<div class=\"elementor-spacer-inner\"><\/div>\n\t\t<\/div>\n\t\t\t\t\t\t<\/div>\n\t\t\t\t<\/div>\n\t\t\t\t\t<\/div>\n\t\t<\/div>\n\t\t\t\t\t<\/div>\n\t\t<\/section>\n\t\t\t\t<section class=\"elementor-section elementor-top-section elementor-element elementor-element-8b9b9cd elementor-section-boxed elementor-section-height-default elementor-section-height-default\" data-id=\"8b9b9cd\" data-element_type=\"section\" data-e-type=\"section\" data-settings=\"{&quot;background_background&quot;:&quot;classic&quot;}\">\n\t\t\t\t\t\t<div class=\"elementor-container elementor-column-gap-default\">\n\t\t\t\t\t<div class=\"elementor-column elementor-col-50 elementor-top-column elementor-element elementor-element-b4d8bec\" data-id=\"b4d8bec\" data-element_type=\"column\" data-e-type=\"column\">\n\t\t\t<div class=\"elementor-widget-wrap elementor-element-populated\">\n\t\t\t\t\t\t<div class=\"elementor-element elementor-element-c378b9e elementor-widget elementor-widget-text-editor\" data-id=\"c378b9e\" data-element_type=\"widget\" data-e-type=\"widget\" data-widget_type=\"text-editor.default\">\n\t\t\t\t<div class=\"elementor-widget-container\">\n\t\t\t\t\t\t\t\t\t<p><strong>Integrative KiTa\u00a0 &#8222;Kinderland-Sonnenschein&#8220;<\/strong><br \/>August-Bebel-Stra\u00dfe 43<br \/>Tel.: 034441\/ 2 22 67<br \/>Fax: 034441\/ 39 23 34<\/p>\n<p>E-Mail: Kinderland@stadt-hohenmoelsen.de<\/p>\t\t\t\t\t\t\t\t<\/div>\n\t\t\t\t<\/div>\n\t\t\t\t\t<\/div>\n\t\t<\/div>\n\t\t\t\t<div class=\"elementor-column elementor-col-50 elementor-top-column elementor-element elementor-element-a81d7f7\" data-id=\"a81d7f7\" data-element_type=\"column\" data-e-type=\"column\">\n\t\t\t<div class=\"elementor-widget-wrap elementor-element-populated\">\n\t\t\t\t\t\t<div class=\"elementor-element elementor-element-e108cd6 elementor-widget elementor-widget-text-editor\" data-id=\"e108cd6\" data-element_type=\"widget\" data-e-type=\"widget\" data-widget_type=\"text-editor.default\">\n\t\t\t\t<div class=\"elementor-widget-container\">\n\t\t\t\t\t\t\t\t\t<p><a href=\"https:\/\/kinderland-hhm.de\/index.php\/impressum-und-datenschutz\/\">Impressum &amp; Datenschutz<\/a><\/p>\t\t\t\t\t\t\t\t<\/div>\n\t\t\t\t<\/div>\n\t\t\t\t\t<\/div>\n\t\t<\/div>\n\t\t\t\t\t<\/div>\n\t\t<\/section>\n\t\t\t\t<\/div>\n\t\t","protected":false},"excerpt":{"rendered":"<p>HOME | \u00dcBERG\u00c4NGE | UNSER KONZEPT &#8211; KNEIPP IMPRESSUM UND DATENSCHUTZ ImpressumVerantwortlich f\u00fcr Inhalte nach \u00a7 6 MDStVIntegrative KiTa &#8222;Kinderland-Sonnenschein&#8220; \u2013 Tr\u00e4ger der Einrichtung: Stadt Hohenm\u00f6lsenAugust-Bebel-Str. 43 Tel.: 034441\/ 2 22 67 Fax: 034441\/ 39 23 34 Email: kinderland@stadt-hohenmoelsen.deInternet: www.kinderland-hhm.de Ansprechpartner: Luisa Benthin (Leiterin der Einrichtung) Webpflege, Bild- und Textmaterial:Integrative KiTa &#8222;Kinderland-Sonnenschein&#8220; Haftungsbeschr\u00e4nkung f\u00fcr eigene [&hellip;]<\/p>\n","protected":false},"author":1,"featured_media":0,"parent":0,"menu_order":0,"comment_status":"closed","ping_status":"closed","template":"elementor_canvas","meta":{"footnotes":""},"class_list":["post-46","page","type-page","status-publish","hentry"],"_links":{"self":[{"href":"https:\/\/kinderland-hhm.de\/index.php\/wp-json\/wp\/v2\/pages\/46","targetHints":{"allow":["GET"]}}],"collection":[{"href":"https:\/\/kinderland-hhm.de\/index.php\/wp-json\/wp\/v2\/pages"}],"about":[{"href":"https:\/\/kinderland-hhm.de\/index.php\/wp-json\/wp\/v2\/types\/page"}],"author":[{"embeddable":true,"href":"https:\/\/kinderland-hhm.de\/index.php\/wp-json\/wp\/v2\/users\/1"}],"replies":[{"embeddable":true,"href":"https:\/\/kinderland-hhm.de\/index.php\/wp-json\/wp\/v2\/comments?post=46"}],"version-history":[{"count":15,"href":"https:\/\/kinderland-hhm.de\/index.php\/wp-json\/wp\/v2\/pages\/46\/revisions"}],"predecessor-version":[{"id":154,"href":"https:\/\/kinderland-hhm.de\/index.php\/wp-json\/wp\/v2\/pages\/46\/revisions\/154"}],"wp:attachment":[{"href":"https:\/\/kinderland-hhm.de\/index.php\/wp-json\/wp\/v2\/media?parent=46"}],"curies":[{"name":"wp","href":"https:\/\/api.w.org\/{rel}","templated":true}]}}