{"id":5,"date":"2020-06-18T11:40:42","date_gmt":"2020-06-18T11:40:42","guid":{"rendered":"https:\/\/kinderland-hhm.de\/?page_id=5"},"modified":"2020-06-19T08:20:58","modified_gmt":"2020-06-19T08:20:58","slug":"kita-kinderland-sonnenschein","status":"publish","type":"page","link":"https:\/\/kinderland-hhm.de\/","title":{"rendered":"KiTa Kinderland-Sonnenschein"},"content":{"rendered":"\t\t<div data-elementor-type=\"wp-page\" data-elementor-id=\"5\" class=\"elementor elementor-5\">\n\t\t\t\t\t\t<section class=\"elementor-section elementor-top-section elementor-element elementor-element-74ac66e2 elementor-section-boxed elementor-section-height-default elementor-section-height-default\" data-id=\"74ac66e2\" data-element_type=\"section\" data-e-type=\"section\" data-settings=\"{&quot;background_background&quot;:&quot;classic&quot;}\">\n\t\t\t\t\t\t<div class=\"elementor-container elementor-column-gap-default\">\n\t\t\t\t\t<div class=\"elementor-column elementor-col-100 elementor-top-column elementor-element elementor-element-72161ce\" data-id=\"72161ce\" data-element_type=\"column\" data-e-type=\"column\">\n\t\t\t<div class=\"elementor-widget-wrap elementor-element-populated\">\n\t\t\t\t\t\t<div class=\"elementor-element elementor-element-61510063 elementor-widget elementor-widget-text-editor\" data-id=\"61510063\" data-element_type=\"widget\" data-e-type=\"widget\" data-widget_type=\"text-editor.default\">\n\t\t\t\t<div class=\"elementor-widget-container\">\n\t\t\t\t\t\t\t\t\t<a href=\"https:\/\/kinderland-hhm.de\/\">HOME <\/a>|\n<a href=\"https:\/\/kinderland-hhm.de\/index.php\/uebergaenge\/\"> \u00dcBERG\u00c4NGE <\/a>|\n<a href=\"https:\/\/kinderland-hhm.de\/index.php\/konzept\/\"> UNSER KONZEPT &#8211; KNEIPP<\/a>\t\t\t\t\t\t\t\t<\/div>\n\t\t\t\t<\/div>\n\t\t\t\t\t<\/div>\n\t\t<\/div>\n\t\t\t\t\t<\/div>\n\t\t<\/section>\n\t\t\t\t<section class=\"elementor-section elementor-top-section elementor-element elementor-element-ad4e42a elementor-section-boxed elementor-section-height-default elementor-section-height-default\" data-id=\"ad4e42a\" data-element_type=\"section\" data-e-type=\"section\">\n\t\t\t\t\t\t<div class=\"elementor-container elementor-column-gap-default\">\n\t\t\t\t\t<div class=\"elementor-column elementor-col-100 elementor-top-column elementor-element elementor-element-48809453\" data-id=\"48809453\" data-element_type=\"column\" data-e-type=\"column\" data-settings=\"{&quot;background_background&quot;:&quot;classic&quot;}\">\n\t\t\t<div class=\"elementor-widget-wrap elementor-element-populated\">\n\t\t\t\t\t\t<div class=\"elementor-element elementor-element-6f3eaca8 elementor-widget elementor-widget-image\" data-id=\"6f3eaca8\" data-element_type=\"widget\" data-e-type=\"widget\" data-widget_type=\"image.default\">\n\t\t\t\t<div class=\"elementor-widget-container\">\n\t\t\t\t\t\t\t\t\t\t\t\t\t\t\t<img fetchpriority=\"high\" decoding=\"async\" width=\"1142\" height=\"269\" src=\"https:\/\/kinderland-hhm.de\/wp-content\/uploads\/2020\/06\/header01.jpg\" class=\"attachment-full size-full wp-image-9\" alt=\"\" srcset=\"https:\/\/kinderland-hhm.de\/wp-content\/uploads\/2020\/06\/header01.jpg 1142w, https:\/\/kinderland-hhm.de\/wp-content\/uploads\/2020\/06\/header01-300x71.jpg 300w, https:\/\/kinderland-hhm.de\/wp-content\/uploads\/2020\/06\/header01-1024x241.jpg 1024w, https:\/\/kinderland-hhm.de\/wp-content\/uploads\/2020\/06\/header01-768x181.jpg 768w\" sizes=\"(max-width: 1142px) 100vw, 1142px\" \/>\t\t\t\t\t\t\t\t\t\t\t\t\t\t\t<\/div>\n\t\t\t\t<\/div>\n\t\t\t\t\t<\/div>\n\t\t<\/div>\n\t\t\t\t\t<\/div>\n\t\t<\/section>\n\t\t\t\t<section class=\"elementor-section elementor-top-section elementor-element elementor-element-142f25e5 elementor-section-boxed elementor-section-height-default elementor-section-height-default\" data-id=\"142f25e5\" data-element_type=\"section\" data-e-type=\"section\">\n\t\t\t\t\t\t<div class=\"elementor-container elementor-column-gap-default\">\n\t\t\t\t\t<div class=\"elementor-column elementor-col-100 elementor-top-column elementor-element elementor-element-6c656dcc\" data-id=\"6c656dcc\" data-element_type=\"column\" data-e-type=\"column\" data-settings=\"{&quot;background_background&quot;:&quot;classic&quot;}\">\n\t\t\t<div class=\"elementor-widget-wrap elementor-element-populated\">\n\t\t\t\t\t\t<div class=\"elementor-element elementor-element-6f42eea1 elementor-widget elementor-widget-text-editor\" data-id=\"6f42eea1\" data-element_type=\"widget\" data-e-type=\"widget\" data-widget_type=\"text-editor.default\">\n\t\t\t\t<div class=\"elementor-widget-container\">\n\t\t\t\t\t\t\t\t\t<h2>ALLGEMEINE INFORMATIONEN<\/h2><p><strong>UNSERE KITA &#8211; Allgemeine Informationen<\/strong><\/p><p><strong>\u00d6ffnungszeiten der Einrichtung<\/strong><br \/>Montag bis Freitag 5.30 Uhr- 17.00 Uhr, bei Bedarf bis 18.00 Uhr.<\/p><p><strong>Elternbeitrag<\/strong><br \/>Die H\u00f6he des monatlichen Elternbeitrages richtet sich nach dem Alter der Kinder, der angemeldeten Betreuungszeit sowie der Anzahl der Kinder, die gleichzeitig eine st\u00e4dtische Kita besuchen.<br \/>Satzung der Stadt Hohenm\u00f6lsen<\/p><p><strong>Schlie\u00dfzeiten<\/strong><br \/>Die Schlie\u00dfzeiten f\u00fcr das kommende Jahr werden rechtzeitig, zum Ende des aktuellen Jahres, in einem Elternbrief bekannt gegeben.<\/p><p><strong>Lage der Einrichtung<\/strong><br \/>Unsere Kita befindet sich im Wohngebiet HHM Nord, in unmittelbarer N\u00e4he zur Grundschule und der Lernbehindertenschule.<\/p><p><strong>Altersstruktur<\/strong><br \/>Unsere Kita verf\u00fcgt \u00fcber 165 Pl\u00e4tze. Wir k\u00f6nnen Kinder im Alter von 0 bis zum Schuleintritt aufnehmen. Unsere flexible Betriebserlaubnis erm\u00f6glicht uns variabel, in der Verteilung der Anzahl der Kindergarten- und Krippenpl\u00e4tze, auf den Bedarf reagieren zu k\u00f6nnen.<br \/>Momentan gibt es 6 Gruppen.<br \/>Gruppe 1 2 &#8211; Krippe (1.- 2. Lebensjahr)<br \/>Gruppe 3, 4, 5, 6 &#8211; altersgemischte Gruppe (3. Lebensjahr bis Schuleintritt)<\/p><p><strong>Im Mittelpunkt steht das Kind!<\/strong><br \/>Erziehung, Bildung und Betreuung sind in der Praxis untrennbar miteinander verbunden. Dabei bilden Erziehungs- und Betreuungsprozesse den Rahmen f\u00fcr fr\u00fchkindliche Bildungsprozesse. Dabei geben wir den Kindern Zeit ihre Entwicklungswege zu finden. Wir besprechen aktuelle und wichtige Ereignisse, wie z.B. Tagesabl\u00e4ufe, W\u00fcnsche, Rituale, Angebote mit den Kindern in der Gruppe. So erfahren sie, dass sie ein Teil der Gruppe sind, lernen mit anderen Kindern zu sprechen und Entscheidungen zu treffen. Wir als Erzieher stehen nicht \u00fcber dem Kind, sondern hinter ihnen- Kinder d\u00fcrfen Demokratie leben.<br \/>Grundlegende Aspekte die Auswirkungen auf Bildungsprozesse haben, sind:<\/p><ul><li>Sich sicher und geborgen f\u00fchlen,<\/li><li>die Befriedigung der Grundbed\u00fcrfnisse (Hunger, Durst, Schlaf),<\/li><li>stabile Betreuungsverh\u00e4ltnisse,<\/li><li>eine wohlwollende und anregungsreiche Umgebung (Innen- und Au\u00dfenbereich),<\/li><li>das soziale Miteinander,<\/li><li>das p\u00e4dagogische Verh\u00e4ltnis,<\/li><li>Medien und Materialien,<\/li><li>die fachliche und menschliche Kompetenz der Bezugspersonen<\/li><\/ul><p><br \/>Kinder lernen die Welt am besten in Selbstbildungsprozessen kennen. Das bedeutet, dass sie ihre Umwelt selbst entdecken und erfahren. Allerdings ben\u00f6tigen sie trotzdem die Erwachsenen, die zum einen die M\u00f6glichkeiten f\u00fcr Selbstbildungsprozesse bereitstellen und zum anderen den Kindern als Ansprechpartner und Begleiter dienen. Kinder brauchen die Kommunikation und den Austausch mit Erwachsenen, genauso wie mit anderen Kindern.<br \/>Wir sehen unsere Aufgabe als p\u00e4dagogische Fachkraft darin, Aufmerksamkeit und Interesse zu zeigen, sowie Orientierung und Vertrauen zu geben. Wir m\u00f6chten das Kind unterst\u00fctzen und begleiten, wenn es sich bildet, die Welt kennenlernt, sich bestimmte F\u00e4higkeiten und Fertigkeiten aneignet.<\/p><ul><li>Daher gestalten wir Bildungsangebote so, dass sie der sozialen, kognitiven, emotionalen und k\u00f6rperlichen Entwicklung des Kindes entsprechen.<\/li><li>Dabei achten wir auf Chancengleichheit, Geschlechterrolle und kulturellen Hintergrund.<\/li><li>Bildungsangebote stehen jedem Kind offen und bieten ihnen bestm\u00f6gliche Entwicklungschancen.<\/li><li>Wir arbeiten ganzheitlich (Kopf- Herz- Hand), lebensweltbezogen und alltagsrelevant.<\/li><li>Dabei sprechen wir alle Sinne an.<\/li><li>Wir schaffen Erfolgserlebnisse die zum weiteren selbstmotivierten Arbeiten anregen.<\/li><li>Wir sind uns bewusst, dass positive Emotionen sich g\u00fcnstig auf das Lernen auswirken. Denn gef\u00fchlsm\u00e4\u00dfig entspannte Kinder lernen leichter.<\/li><li>Wir nutzen spielerische, erkundende und informelle Lernformen, die von Erwachsenen begleitet und auch gesteuert werden. Dazu wechseln sich p\u00e4dagogische Angebote, Freispielphasen oder andere T\u00e4tigkeiten im Tagesablauf ab.<\/li><li>Wir legen Wert auf ein entspanntes Lernklima, das Kinder fordert aber nicht \u00fcberfordert.<\/li><li>Wir geben jedem Kind die Zeit, den Raum und die M\u00f6glichkeiten, die es f\u00fcr seine Entwicklung, f\u00fcr das Ausleben des kindlichen Forscherdrangs und der kindlichen Neugier ben\u00f6tigt.<\/li><li>Wir geben so viel Hilfe wie n\u00f6tig, bei so viel Unterst\u00fctzung wie m\u00f6glich.<\/li><li>In allt\u00e4gliche, das Kind und die Kindergruppe betreffende Entscheidungsprozesse werden die Kinder entsprechend ihres Alters mit einbezogen.<\/li><\/ul><p>Wir nutzen das Medium der Beobachtung als Ausgangspunkt unserer p\u00e4dagogischen Arbeit. Beobachtung erm\u00f6glicht uns die Interessen, die Entwicklung sowie die Selbstbildungsprozesse zu erfassen, und in Austausch mit den Eltern festzulegen welche Anregungen und Impulse die Kinder ben\u00f6tigen. Dies erm\u00f6glicht ein individuelles Abstimmen der p\u00e4dagogischen Planung auf die Bed\u00fcrfnisse und Interessen des einzelnen Kindes.<\/p>\t\t\t\t\t\t\t\t<\/div>\n\t\t\t\t<\/div>\n\t\t\t\t\t<\/div>\n\t\t<\/div>\n\t\t\t\t\t<\/div>\n\t\t<\/section>\n\t\t\t\t<section class=\"elementor-section elementor-top-section elementor-element elementor-element-6806f2ad elementor-section-boxed elementor-section-height-default elementor-section-height-default\" data-id=\"6806f2ad\" data-element_type=\"section\" data-e-type=\"section\">\n\t\t\t\t\t\t<div class=\"elementor-container elementor-column-gap-default\">\n\t\t\t\t\t<div class=\"elementor-column elementor-col-100 elementor-top-column elementor-element elementor-element-5211d562\" data-id=\"5211d562\" data-element_type=\"column\" data-e-type=\"column\" data-settings=\"{&quot;background_background&quot;:&quot;classic&quot;}\">\n\t\t\t<div class=\"elementor-widget-wrap elementor-element-populated\">\n\t\t\t\t\t\t<div class=\"elementor-element elementor-element-75c4941 elementor-widget elementor-widget-image-gallery\" data-id=\"75c4941\" data-element_type=\"widget\" data-e-type=\"widget\" data-widget_type=\"image-gallery.default\">\n\t\t\t\t<div class=\"elementor-widget-container\">\n\t\t\t\t\t\t\t<div class=\"elementor-image-gallery\">\n\t\t\t<div id='gallery-1' class='gallery galleryid-5 gallery-columns-3 gallery-size-medium'><figure class='gallery-item'>\n\t\t\t<div class='gallery-icon landscape'>\n\t\t\t\t<a data-elementor-open-lightbox=\"yes\" data-elementor-lightbox-slideshow=\"75c4941\" data-elementor-lightbox-title=\"pic19\" data-e-action-hash=\"#elementor-action%3Aaction%3Dlightbox%26settings%3DeyJpZCI6MzMsInVybCI6Imh0dHBzOlwvXC9raW5kZXJsYW5kLWhobS5kZVwvd3AtY29udGVudFwvdXBsb2Fkc1wvMjAyMFwvMDZcL3BpYzE5LmpwZyIsInNsaWRlc2hvdyI6Ijc1YzQ5NDEifQ%3D%3D\" href='https:\/\/kinderland-hhm.de\/wp-content\/uploads\/2020\/06\/pic19.jpg'><img decoding=\"async\" width=\"300\" height=\"225\" src=\"https:\/\/kinderland-hhm.de\/wp-content\/uploads\/2020\/06\/pic19-300x225.jpg\" class=\"attachment-medium size-medium\" alt=\"\" srcset=\"https:\/\/kinderland-hhm.de\/wp-content\/uploads\/2020\/06\/pic19-300x225.jpg 300w, https:\/\/kinderland-hhm.de\/wp-content\/uploads\/2020\/06\/pic19-768x576.jpg 768w, https:\/\/kinderland-hhm.de\/wp-content\/uploads\/2020\/06\/pic19.jpg 800w\" sizes=\"(max-width: 300px) 100vw, 300px\" \/><\/a>\n\t\t\t<\/div><\/figure><figure class='gallery-item'>\n\t\t\t<div class='gallery-icon landscape'>\n\t\t\t\t<a data-elementor-open-lightbox=\"yes\" data-elementor-lightbox-slideshow=\"75c4941\" data-elementor-lightbox-title=\"pic09\" data-e-action-hash=\"#elementor-action%3Aaction%3Dlightbox%26settings%3DeyJpZCI6MjgsInVybCI6Imh0dHBzOlwvXC9raW5kZXJsYW5kLWhobS5kZVwvd3AtY29udGVudFwvdXBsb2Fkc1wvMjAyMFwvMDZcL3BpYzA5LmpwZyIsInNsaWRlc2hvdyI6Ijc1YzQ5NDEifQ%3D%3D\" href='https:\/\/kinderland-hhm.de\/wp-content\/uploads\/2020\/06\/pic09.jpg'><img decoding=\"async\" width=\"300\" height=\"225\" src=\"https:\/\/kinderland-hhm.de\/wp-content\/uploads\/2020\/06\/pic09-300x225.jpg\" class=\"attachment-medium size-medium\" alt=\"\" srcset=\"https:\/\/kinderland-hhm.de\/wp-content\/uploads\/2020\/06\/pic09-300x225.jpg 300w, https:\/\/kinderland-hhm.de\/wp-content\/uploads\/2020\/06\/pic09-768x576.jpg 768w, https:\/\/kinderland-hhm.de\/wp-content\/uploads\/2020\/06\/pic09.jpg 800w\" sizes=\"(max-width: 300px) 100vw, 300px\" \/><\/a>\n\t\t\t<\/div><\/figure><figure class='gallery-item'>\n\t\t\t<div class='gallery-icon landscape'>\n\t\t\t\t<a data-elementor-open-lightbox=\"yes\" data-elementor-lightbox-slideshow=\"75c4941\" data-elementor-lightbox-title=\"pic20\" data-e-action-hash=\"#elementor-action%3Aaction%3Dlightbox%26settings%3DeyJpZCI6MjMsInVybCI6Imh0dHBzOlwvXC9raW5kZXJsYW5kLWhobS5kZVwvd3AtY29udGVudFwvdXBsb2Fkc1wvMjAyMFwvMDZcL3BpYzIwLmpwZyIsInNsaWRlc2hvdyI6Ijc1YzQ5NDEifQ%3D%3D\" href='https:\/\/kinderland-hhm.de\/wp-content\/uploads\/2020\/06\/pic20.jpg'><img loading=\"lazy\" decoding=\"async\" width=\"300\" height=\"225\" src=\"https:\/\/kinderland-hhm.de\/wp-content\/uploads\/2020\/06\/pic20-300x225.jpg\" class=\"attachment-medium size-medium\" alt=\"\" srcset=\"https:\/\/kinderland-hhm.de\/wp-content\/uploads\/2020\/06\/pic20-300x225.jpg 300w, https:\/\/kinderland-hhm.de\/wp-content\/uploads\/2020\/06\/pic20-768x576.jpg 768w, https:\/\/kinderland-hhm.de\/wp-content\/uploads\/2020\/06\/pic20.jpg 800w\" sizes=\"(max-width: 300px) 100vw, 300px\" \/><\/a>\n\t\t\t<\/div><\/figure>\n\t\t<\/div>\n\t\t<\/div>\n\t\t\t\t\t\t<\/div>\n\t\t\t\t<\/div>\n\t\t\t\t\t<\/div>\n\t\t<\/div>\n\t\t\t\t\t<\/div>\n\t\t<\/section>\n\t\t\t\t<section class=\"elementor-section elementor-top-section elementor-element elementor-element-44b38efb elementor-section-boxed elementor-section-height-default elementor-section-height-default\" data-id=\"44b38efb\" data-element_type=\"section\" data-e-type=\"section\">\n\t\t\t\t\t\t<div class=\"elementor-container elementor-column-gap-default\">\n\t\t\t\t\t<div class=\"elementor-column elementor-col-100 elementor-top-column elementor-element elementor-element-ea53112\" data-id=\"ea53112\" data-element_type=\"column\" data-e-type=\"column\" data-settings=\"{&quot;background_background&quot;:&quot;classic&quot;}\">\n\t\t\t<div class=\"elementor-widget-wrap elementor-element-populated\">\n\t\t\t\t\t\t<div class=\"elementor-element elementor-element-1c236b7c elementor-widget elementor-widget-text-editor\" data-id=\"1c236b7c\" data-element_type=\"widget\" data-e-type=\"widget\" data-widget_type=\"text-editor.default\">\n\t\t\t\t<div class=\"elementor-widget-container\">\n\t\t\t\t\t\t\t\t\t<p><strong>Die R\u00e4ume<\/strong><br \/>Raum und Material haben neben den personellen Voraussetzungen Einfluss auf die Qualit\u00e4t der Bildungsarbeit. Unsere Gruppenr\u00e4umlichkeiten sind daher so gestaltet, dass sie:<\/p><ul><li>die Sinne stimulieren<\/li><li>zum Spielen und nachhaltigen Lernen auffordern<\/li><li>zum Austausch und fr\u00f6hlichen Miteinander einladen<\/li><li>Ruhezonen, aber auch Bereiche f\u00fcr Bewegung bieten<\/li><li>die Auseinandersetzung mit Technik, Naturwissenschaft, Kunst und Musik anregen<p>\u00a0<\/p><\/li><\/ul><p>Klarheit, Ordnung und \u00c4sthetik die Orientierungspunkte f\u00fcr unsere Raumgestaltung und -ausstattung.<br \/>Dabei ist der Raum nicht als vorbereitetes und fertiges Lernarrangement zu betrachten.<br \/>Vielmehr geht es im Sinne unseres Bildungsverst\u00e4ndnisses darum, dass M\u00f6glichkeiten bereitgestellt werden, die den aktuellen Themen und Interessen der Kinder entgegenkommen. R\u00e4ume die dazu auffordern, sich diesen Themen mit noch mehr Intensit\u00e4t hinzuwenden, um einen l\u00e4ngeren und intensiveren Lernprozess auszul\u00f6sen.<br \/>Unsere Gruppenr\u00e4ume bieten daher den Kindern vielf\u00e4ltige M\u00f6glichkeiten sich mit den unterschiedlichsten Themen selbst\u00e4ndig auseinanderzusetzen. Wir sehen unsere R\u00e4ume als \u201e3. Erzieher\u201c. Jeden Gruppenraum ist ein eigenes Kinderbad angegliedert.<\/p>\t\t\t\t\t\t\t\t<\/div>\n\t\t\t\t<\/div>\n\t\t\t\t\t<\/div>\n\t\t<\/div>\n\t\t\t\t\t<\/div>\n\t\t<\/section>\n\t\t\t\t<section class=\"elementor-section elementor-top-section elementor-element elementor-element-15957505 elementor-section-boxed elementor-section-height-default elementor-section-height-default\" data-id=\"15957505\" data-element_type=\"section\" data-e-type=\"section\">\n\t\t\t\t\t\t<div class=\"elementor-container elementor-column-gap-default\">\n\t\t\t\t\t<div class=\"elementor-column elementor-col-50 elementor-top-column elementor-element elementor-element-660a4491\" data-id=\"660a4491\" data-element_type=\"column\" data-e-type=\"column\" data-settings=\"{&quot;background_background&quot;:&quot;classic&quot;}\">\n\t\t\t<div class=\"elementor-widget-wrap elementor-element-populated\">\n\t\t\t\t\t\t<div class=\"elementor-element elementor-element-2b252c92 elementor-widget elementor-widget-text-editor\" data-id=\"2b252c92\" data-element_type=\"widget\" data-e-type=\"widget\" data-widget_type=\"text-editor.default\">\n\t\t\t\t<div class=\"elementor-widget-container\">\n\t\t\t\t\t\t\t\t\t<p><img loading=\"lazy\" decoding=\"async\" class=\"size-full wp-image-37 alignleft\" src=\"https:\/\/kinderland-hhm.de\/wp-content\/uploads\/2020\/06\/pdf2.png\" alt=\"\" width=\"87\" height=\"83\" \/><a href=\"https:\/\/kinderland-hhm.de\/wp-content\/uploads\/2020\/06\/kita_satzung_08_2019.pdf\" target=\"_blank\" rel=\"noopener\">KiTa &#8211; Satzung 08\/2019<\/a><\/p>\t\t\t\t\t\t\t\t<\/div>\n\t\t\t\t<\/div>\n\t\t\t\t\t<\/div>\n\t\t<\/div>\n\t\t\t\t<div class=\"elementor-column elementor-col-50 elementor-top-column elementor-element elementor-element-1a1175e8\" data-id=\"1a1175e8\" data-element_type=\"column\" data-e-type=\"column\" data-settings=\"{&quot;background_background&quot;:&quot;classic&quot;}\">\n\t\t\t<div class=\"elementor-widget-wrap elementor-element-populated\">\n\t\t\t\t\t\t<div class=\"elementor-element elementor-element-201f88e5 elementor-widget elementor-widget-text-editor\" data-id=\"201f88e5\" data-element_type=\"widget\" data-e-type=\"widget\" data-widget_type=\"text-editor.default\">\n\t\t\t\t<div class=\"elementor-widget-container\">\n\t\t\t\t\t\t\t\t\t<p><img loading=\"lazy\" decoding=\"async\" class=\"size-full wp-image-37 alignleft\" src=\"https:\/\/kinderland-hhm.de\/wp-content\/uploads\/2020\/06\/pdf2.png\" alt=\"\" width=\"87\" height=\"83\" \/><a href=\"https:\/\/kinderland-hhm.de\/wp-content\/uploads\/2020\/06\/betreuungsvereinbarung_ab_august_2019.pdf\" target=\"_blank\" rel=\"noopener\">Betreuungsvereinbarung ab August 2019<\/a><\/p>\t\t\t\t\t\t\t\t<\/div>\n\t\t\t\t<\/div>\n\t\t\t\t\t<\/div>\n\t\t<\/div>\n\t\t\t\t\t<\/div>\n\t\t<\/section>\n\t\t\t\t<section class=\"elementor-section elementor-top-section elementor-element elementor-element-550aa1b5 elementor-section-boxed elementor-section-height-default elementor-section-height-default\" data-id=\"550aa1b5\" data-element_type=\"section\" data-e-type=\"section\">\n\t\t\t\t\t\t<div class=\"elementor-container elementor-column-gap-default\">\n\t\t\t\t\t<div class=\"elementor-column elementor-col-100 elementor-top-column elementor-element elementor-element-6576c8f6\" data-id=\"6576c8f6\" data-element_type=\"column\" data-e-type=\"column\">\n\t\t\t<div class=\"elementor-widget-wrap elementor-element-populated\">\n\t\t\t\t\t\t<div class=\"elementor-element elementor-element-55c0f66d elementor-widget elementor-widget-spacer\" data-id=\"55c0f66d\" data-element_type=\"widget\" data-e-type=\"widget\" data-widget_type=\"spacer.default\">\n\t\t\t\t<div class=\"elementor-widget-container\">\n\t\t\t\t\t\t\t<div class=\"elementor-spacer\">\n\t\t\t<div class=\"elementor-spacer-inner\"><\/div>\n\t\t<\/div>\n\t\t\t\t\t\t<\/div>\n\t\t\t\t<\/div>\n\t\t\t\t\t<\/div>\n\t\t<\/div>\n\t\t\t\t\t<\/div>\n\t\t<\/section>\n\t\t\t\t<section class=\"elementor-section elementor-top-section elementor-element elementor-element-7ac66460 elementor-section-boxed elementor-section-height-default elementor-section-height-default\" data-id=\"7ac66460\" data-element_type=\"section\" data-e-type=\"section\" data-settings=\"{&quot;background_background&quot;:&quot;classic&quot;}\">\n\t\t\t\t\t\t<div class=\"elementor-container elementor-column-gap-default\">\n\t\t\t\t\t<div class=\"elementor-column elementor-col-50 elementor-top-column elementor-element elementor-element-48a1f31b\" data-id=\"48a1f31b\" data-element_type=\"column\" data-e-type=\"column\">\n\t\t\t<div class=\"elementor-widget-wrap elementor-element-populated\">\n\t\t\t\t\t\t<div class=\"elementor-element elementor-element-2d5d3bd elementor-widget elementor-widget-text-editor\" data-id=\"2d5d3bd\" data-element_type=\"widget\" data-e-type=\"widget\" data-widget_type=\"text-editor.default\">\n\t\t\t\t<div class=\"elementor-widget-container\">\n\t\t\t\t\t\t\t\t\t<p><strong>Integrative KiTa\u00a0 &#8222;Kinderland-Sonnenschein&#8220;<\/strong><br \/>August-Bebel-Stra\u00dfe 43<br \/>Tel.: 034441\/ 2 22 67<br \/>Fax: 034441\/ 39 23 34<\/p>\n<p>E-Mail: Kinderland@stadt-hohenmoelsen.de<\/p>\t\t\t\t\t\t\t\t<\/div>\n\t\t\t\t<\/div>\n\t\t\t\t\t<\/div>\n\t\t<\/div>\n\t\t\t\t<div class=\"elementor-column elementor-col-50 elementor-top-column elementor-element elementor-element-51c93789\" data-id=\"51c93789\" data-element_type=\"column\" data-e-type=\"column\">\n\t\t\t<div class=\"elementor-widget-wrap elementor-element-populated\">\n\t\t\t\t\t\t<div class=\"elementor-element elementor-element-70aa1294 elementor-widget elementor-widget-text-editor\" data-id=\"70aa1294\" data-element_type=\"widget\" data-e-type=\"widget\" data-widget_type=\"text-editor.default\">\n\t\t\t\t<div class=\"elementor-widget-container\">\n\t\t\t\t\t\t\t\t\t<p><a href=\"https:\/\/kinderland-hhm.de\/index.php\/impressum-und-datenschutz\/\">Impressum &amp; Datenschutz<\/a><\/p>\t\t\t\t\t\t\t\t<\/div>\n\t\t\t\t<\/div>\n\t\t\t\t\t<\/div>\n\t\t<\/div>\n\t\t\t\t\t<\/div>\n\t\t<\/section>\n\t\t\t\t<\/div>\n\t\t","protected":false},"excerpt":{"rendered":"<p>HOME | \u00dcBERG\u00c4NGE | UNSER KONZEPT &#8211; KNEIPP ALLGEMEINE INFORMATIONEN UNSERE KITA &#8211; Allgemeine Informationen \u00d6ffnungszeiten der EinrichtungMontag bis Freitag 5.30 Uhr- 17.00 Uhr, bei Bedarf bis 18.00 Uhr. ElternbeitragDie H\u00f6he des monatlichen Elternbeitrages richtet sich nach dem Alter der Kinder, der angemeldeten Betreuungszeit sowie der Anzahl der Kinder, die gleichzeitig eine st\u00e4dtische Kita besuchen.Satzung [&hellip;]<\/p>\n","protected":false},"author":1,"featured_media":0,"parent":0,"menu_order":0,"comment_status":"closed","ping_status":"closed","template":"elementor_canvas","meta":{"footnotes":""},"class_list":["post-5","page","type-page","status-publish","hentry"],"_links":{"self":[{"href":"https:\/\/kinderland-hhm.de\/index.php\/wp-json\/wp\/v2\/pages\/5","targetHints":{"allow":["GET"]}}],"collection":[{"href":"https:\/\/kinderland-hhm.de\/index.php\/wp-json\/wp\/v2\/pages"}],"about":[{"href":"https:\/\/kinderland-hhm.de\/index.php\/wp-json\/wp\/v2\/types\/page"}],"author":[{"embeddable":true,"href":"https:\/\/kinderland-hhm.de\/index.php\/wp-json\/wp\/v2\/users\/1"}],"replies":[{"embeddable":true,"href":"https:\/\/kinderland-hhm.de\/index.php\/wp-json\/wp\/v2\/comments?post=5"}],"version-history":[{"count":18,"href":"https:\/\/kinderland-hhm.de\/index.php\/wp-json\/wp\/v2\/pages\/5\/revisions"}],"predecessor-version":[{"id":90,"href":"https:\/\/kinderland-hhm.de\/index.php\/wp-json\/wp\/v2\/pages\/5\/revisions\/90"}],"wp:attachment":[{"href":"https:\/\/kinderland-hhm.de\/index.php\/wp-json\/wp\/v2\/media?parent=5"}],"curies":[{"name":"wp","href":"https:\/\/api.w.org\/{rel}","templated":true}]}}