{"id":74,"date":"2020-06-19T08:01:28","date_gmt":"2020-06-19T08:01:28","guid":{"rendered":"https:\/\/kinderland-hhm.de\/?page_id=74"},"modified":"2020-06-19T08:35:22","modified_gmt":"2020-06-19T08:35:22","slug":"uebergaenge","status":"publish","type":"page","link":"https:\/\/kinderland-hhm.de\/index.php\/uebergaenge\/","title":{"rendered":"Uebergaenge"},"content":{"rendered":"\t\t<div data-elementor-type=\"wp-page\" data-elementor-id=\"74\" class=\"elementor elementor-74\">\n\t\t\t\t\t\t<section class=\"elementor-section elementor-top-section elementor-element elementor-element-459d692b elementor-section-boxed elementor-section-height-default elementor-section-height-default\" data-id=\"459d692b\" data-element_type=\"section\" data-e-type=\"section\" data-settings=\"{&quot;background_background&quot;:&quot;classic&quot;}\">\n\t\t\t\t\t\t<div class=\"elementor-container elementor-column-gap-default\">\n\t\t\t\t\t<div class=\"elementor-column elementor-col-100 elementor-top-column elementor-element elementor-element-7d87402d\" data-id=\"7d87402d\" data-element_type=\"column\" data-e-type=\"column\">\n\t\t\t<div class=\"elementor-widget-wrap elementor-element-populated\">\n\t\t\t\t\t\t<div class=\"elementor-element elementor-element-723422d elementor-widget elementor-widget-text-editor\" data-id=\"723422d\" data-element_type=\"widget\" data-e-type=\"widget\" data-widget_type=\"text-editor.default\">\n\t\t\t\t<div class=\"elementor-widget-container\">\n\t\t\t\t\t\t\t\t\t<a href=\"https:\/\/kinderland-hhm.de\/\">HOME <\/a>|\n<a href=\"https:\/\/kinderland-hhm.de\/index.php\/uebergaenge\/\"> \u00dcBERG\u00c4NGE <\/a>|\n<a href=\"https:\/\/kinderland-hhm.de\/index.php\/konzept\/\"> UNSER KONZEPT &#8211; KNEIPP<\/a>\t\t\t\t\t\t\t\t<\/div>\n\t\t\t\t<\/div>\n\t\t\t\t\t<\/div>\n\t\t<\/div>\n\t\t\t\t\t<\/div>\n\t\t<\/section>\n\t\t\t\t<section class=\"elementor-section elementor-top-section elementor-element elementor-element-5d1a6936 elementor-section-boxed elementor-section-height-default elementor-section-height-default\" data-id=\"5d1a6936\" data-element_type=\"section\" data-e-type=\"section\">\n\t\t\t\t\t\t<div class=\"elementor-container elementor-column-gap-default\">\n\t\t\t\t\t<div class=\"elementor-column elementor-col-100 elementor-top-column elementor-element elementor-element-41c34c56\" data-id=\"41c34c56\" data-element_type=\"column\" data-e-type=\"column\" data-settings=\"{&quot;background_background&quot;:&quot;classic&quot;}\">\n\t\t\t<div class=\"elementor-widget-wrap elementor-element-populated\">\n\t\t\t\t\t\t<div class=\"elementor-element elementor-element-59a272d0 elementor-widget elementor-widget-image\" data-id=\"59a272d0\" data-element_type=\"widget\" data-e-type=\"widget\" data-widget_type=\"image.default\">\n\t\t\t\t<div class=\"elementor-widget-container\">\n\t\t\t\t\t\t\t\t\t\t\t\t\t\t\t<img fetchpriority=\"high\" decoding=\"async\" width=\"1142\" height=\"269\" src=\"https:\/\/kinderland-hhm.de\/wp-content\/uploads\/2020\/06\/header01.jpg\" class=\"attachment-full size-full wp-image-9\" alt=\"\" srcset=\"https:\/\/kinderland-hhm.de\/wp-content\/uploads\/2020\/06\/header01.jpg 1142w, https:\/\/kinderland-hhm.de\/wp-content\/uploads\/2020\/06\/header01-300x71.jpg 300w, https:\/\/kinderland-hhm.de\/wp-content\/uploads\/2020\/06\/header01-1024x241.jpg 1024w, https:\/\/kinderland-hhm.de\/wp-content\/uploads\/2020\/06\/header01-768x181.jpg 768w\" sizes=\"(max-width: 1142px) 100vw, 1142px\" \/>\t\t\t\t\t\t\t\t\t\t\t\t\t\t\t<\/div>\n\t\t\t\t<\/div>\n\t\t\t\t\t<\/div>\n\t\t<\/div>\n\t\t\t\t\t<\/div>\n\t\t<\/section>\n\t\t\t\t<section class=\"elementor-section elementor-top-section elementor-element elementor-element-1bf03338 elementor-section-boxed elementor-section-height-default elementor-section-height-default\" data-id=\"1bf03338\" data-element_type=\"section\" data-e-type=\"section\">\n\t\t\t\t\t\t<div class=\"elementor-container elementor-column-gap-default\">\n\t\t\t\t\t<div class=\"elementor-column elementor-col-100 elementor-top-column elementor-element elementor-element-48932e2c\" data-id=\"48932e2c\" data-element_type=\"column\" data-e-type=\"column\" data-settings=\"{&quot;background_background&quot;:&quot;classic&quot;}\">\n\t\t\t<div class=\"elementor-widget-wrap elementor-element-populated\">\n\t\t\t\t\t\t<div class=\"elementor-element elementor-element-7fe28b74 elementor-widget elementor-widget-text-editor\" data-id=\"7fe28b74\" data-element_type=\"widget\" data-e-type=\"widget\" data-widget_type=\"text-editor.default\">\n\t\t\t\t<div class=\"elementor-widget-container\">\n\t\t\t\t\t\t\t\t\t<h2>\u00dcBERG\u00c4NGE<\/h2><p>Unser Bildungssystem ist von \u00dcberg\u00e4ngen durchzogen. In der Vorschulzeit sind es drei \u00dcbergangsphasen- von der Familie in den Krippenbereich, von der Krippe in den Kindergarten, von dem Kindergarten in die Grundschule. Von der Familie in die Krippe &#8211; Eingew\u00f6hnung. Von der Krippe in den Kindergarten &#8211; ein kleiner \u00dcbergang, der meist unproblematisch verl\u00e4uft. Vom Kindergartenkind zum Schulkind. Dieser \u00dcbergang kennzeichnet eine intensive Zeit des Wandels und der Ver\u00e4nderung. Neben der kindlichen Vorfreude auf die Schulzeit k\u00f6nnen auch Unsicherheiten bei Eltern und Kindern entstehen. Die Kinder m\u00fcssen sich von ihren Bezugspersonen im Kindergarten trennen und sich auf das neue Umfeld Schule einstellen. Auch Sie als Eltern m\u00fcssen sich mit ihrer Rolle als Eltern eines Schulkindes auseinandersetzen. Daher sind wir sehr bem\u00fcht diesen \u00dcbergang sanft und flie\u00dfend zu gestalten. Sie als Eltern sind die wichtigsten Bezugspersonen f\u00fcr ihr Kind bei der Vorbereitung auf die Schule. Wir sehen uns als Ansprechpartner und Entwicklungsbegleiter f\u00fcr ihr Kind und Sie. Gemeinsam mit Ihnen besprechen wir anstehende Abl\u00e4ufe und einzelne Schritte. Dazu ist auch eine gute Zusammenarbeit mit der Schule notwendig. Wir sind im st\u00e4ndigen Gespr\u00e4ch mit der Direktorin und den Lehrern der Grundschule. Weiterhin gibt es noch: Regelm\u00e4\u00dfige Beobachtungsstunden durch die Lehrer in der Kita Teilnahme an Elternversammlung der Vorschulgruppe Schnuppertag in Schule und Hort f\u00fcr die Schulanf\u00e4nger. Dieser \u00dcbergang ist dann gelungen, wenn sich ihr Kind in der Schule wohl f\u00fchlt, und sich emotional und geistig gut entfaltet. Wir werden Sie auf diesem Weg begleiten und unterst\u00fctzen.<\/p><p>\u00a0<\/p><p>\u00a0<\/p>\t\t\t\t\t\t\t\t<\/div>\n\t\t\t\t<\/div>\n\t\t\t\t\t<\/div>\n\t\t<\/div>\n\t\t\t\t\t<\/div>\n\t\t<\/section>\n\t\t\t\t<section class=\"elementor-section elementor-top-section elementor-element elementor-element-5df5d78a elementor-section-boxed elementor-section-height-default elementor-section-height-default\" data-id=\"5df5d78a\" data-element_type=\"section\" data-e-type=\"section\">\n\t\t\t\t\t\t<div class=\"elementor-container elementor-column-gap-default\">\n\t\t\t\t\t<div class=\"elementor-column elementor-col-100 elementor-top-column elementor-element elementor-element-656668df\" data-id=\"656668df\" data-element_type=\"column\" data-e-type=\"column\" data-settings=\"{&quot;background_background&quot;:&quot;classic&quot;}\">\n\t\t\t<div class=\"elementor-widget-wrap elementor-element-populated\">\n\t\t\t\t\t\t<div class=\"elementor-element elementor-element-11243c99 elementor-widget elementor-widget-image-gallery\" data-id=\"11243c99\" data-element_type=\"widget\" data-e-type=\"widget\" data-widget_type=\"image-gallery.default\">\n\t\t\t\t<div class=\"elementor-widget-container\">\n\t\t\t\t\t\t\t<div class=\"elementor-image-gallery\">\n\t\t\t<div id='gallery-1' class='gallery galleryid-74 gallery-columns-3 gallery-size-medium'><figure class='gallery-item'>\n\t\t\t<div class='gallery-icon landscape'>\n\t\t\t\t<a data-elementor-open-lightbox=\"yes\" data-elementor-lightbox-slideshow=\"11243c99\" data-elementor-lightbox-title=\"pic01\" data-e-action-hash=\"#elementor-action%3Aaction%3Dlightbox%26settings%3DeyJpZCI6MjUsInVybCI6Imh0dHBzOlwvXC9raW5kZXJsYW5kLWhobS5kZVwvd3AtY29udGVudFwvdXBsb2Fkc1wvMjAyMFwvMDZcL3BpYzAxLmpwZyIsInNsaWRlc2hvdyI6IjExMjQzYzk5In0%3D\" href='https:\/\/kinderland-hhm.de\/wp-content\/uploads\/2020\/06\/pic01.jpg'><img decoding=\"async\" width=\"300\" height=\"225\" src=\"https:\/\/kinderland-hhm.de\/wp-content\/uploads\/2020\/06\/pic01-300x225.jpg\" class=\"attachment-medium size-medium\" alt=\"\" srcset=\"https:\/\/kinderland-hhm.de\/wp-content\/uploads\/2020\/06\/pic01-300x225.jpg 300w, https:\/\/kinderland-hhm.de\/wp-content\/uploads\/2020\/06\/pic01-768x576.jpg 768w, https:\/\/kinderland-hhm.de\/wp-content\/uploads\/2020\/06\/pic01.jpg 800w\" sizes=\"(max-width: 300px) 100vw, 300px\" \/><\/a>\n\t\t\t<\/div><\/figure><figure class='gallery-item'>\n\t\t\t<div class='gallery-icon landscape'>\n\t\t\t\t<a data-elementor-open-lightbox=\"yes\" data-elementor-lightbox-slideshow=\"11243c99\" data-elementor-lightbox-title=\"pic02\" data-e-action-hash=\"#elementor-action%3Aaction%3Dlightbox%26settings%3DeyJpZCI6MjYsInVybCI6Imh0dHBzOlwvXC9raW5kZXJsYW5kLWhobS5kZVwvd3AtY29udGVudFwvdXBsb2Fkc1wvMjAyMFwvMDZcL3BpYzAyLmpwZyIsInNsaWRlc2hvdyI6IjExMjQzYzk5In0%3D\" href='https:\/\/kinderland-hhm.de\/wp-content\/uploads\/2020\/06\/pic02.jpg'><img decoding=\"async\" width=\"300\" height=\"225\" src=\"https:\/\/kinderland-hhm.de\/wp-content\/uploads\/2020\/06\/pic02-300x225.jpg\" class=\"attachment-medium size-medium\" alt=\"\" srcset=\"https:\/\/kinderland-hhm.de\/wp-content\/uploads\/2020\/06\/pic02-300x225.jpg 300w, https:\/\/kinderland-hhm.de\/wp-content\/uploads\/2020\/06\/pic02-768x576.jpg 768w, https:\/\/kinderland-hhm.de\/wp-content\/uploads\/2020\/06\/pic02.jpg 800w\" sizes=\"(max-width: 300px) 100vw, 300px\" \/><\/a>\n\t\t\t<\/div><\/figure><figure class='gallery-item'>\n\t\t\t<div class='gallery-icon landscape'>\n\t\t\t\t<a data-elementor-open-lightbox=\"yes\" data-elementor-lightbox-slideshow=\"11243c99\" data-elementor-lightbox-title=\"pic16\" data-e-action-hash=\"#elementor-action%3Aaction%3Dlightbox%26settings%3DeyJpZCI6MzEsInVybCI6Imh0dHBzOlwvXC9raW5kZXJsYW5kLWhobS5kZVwvd3AtY29udGVudFwvdXBsb2Fkc1wvMjAyMFwvMDZcL3BpYzE2LmpwZyIsInNsaWRlc2hvdyI6IjExMjQzYzk5In0%3D\" href='https:\/\/kinderland-hhm.de\/wp-content\/uploads\/2020\/06\/pic16.jpg'><img loading=\"lazy\" decoding=\"async\" width=\"300\" height=\"225\" src=\"https:\/\/kinderland-hhm.de\/wp-content\/uploads\/2020\/06\/pic16-300x225.jpg\" class=\"attachment-medium size-medium\" alt=\"\" srcset=\"https:\/\/kinderland-hhm.de\/wp-content\/uploads\/2020\/06\/pic16-300x225.jpg 300w, https:\/\/kinderland-hhm.de\/wp-content\/uploads\/2020\/06\/pic16-768x576.jpg 768w, https:\/\/kinderland-hhm.de\/wp-content\/uploads\/2020\/06\/pic16.jpg 800w\" sizes=\"(max-width: 300px) 100vw, 300px\" \/><\/a>\n\t\t\t<\/div><\/figure>\n\t\t<\/div>\n\t\t<\/div>\n\t\t\t\t\t\t<\/div>\n\t\t\t\t<\/div>\n\t\t\t\t\t<\/div>\n\t\t<\/div>\n\t\t\t\t\t<\/div>\n\t\t<\/section>\n\t\t\t\t<section class=\"elementor-section elementor-top-section elementor-element elementor-element-1a03a7c6 elementor-section-boxed elementor-section-height-default elementor-section-height-default\" data-id=\"1a03a7c6\" data-element_type=\"section\" data-e-type=\"section\">\n\t\t\t\t\t\t<div class=\"elementor-container elementor-column-gap-default\">\n\t\t\t\t\t<div class=\"elementor-column elementor-col-100 elementor-top-column elementor-element elementor-element-5536554b\" data-id=\"5536554b\" data-element_type=\"column\" data-e-type=\"column\" data-settings=\"{&quot;background_background&quot;:&quot;classic&quot;}\">\n\t\t\t<div class=\"elementor-widget-wrap elementor-element-populated\">\n\t\t\t\t\t\t<div class=\"elementor-element elementor-element-3013544f elementor-widget elementor-widget-text-editor\" data-id=\"3013544f\" data-element_type=\"widget\" data-e-type=\"widget\" data-widget_type=\"text-editor.default\">\n\t\t\t\t<div class=\"elementor-widget-container\">\n\t\t\t\t\t\t\t\t\t<p><strong>Eingew\u00f6hnung<\/strong><br \/>Bald kommt Ihr Kind in unsere Einrichtung. Bisher hat es den gr\u00f6\u00dften Teil seiner Zeit in ihrer Familie verbracht. Nun wird es einen Teil des Tages bei uns verbringen, zusammen mit anderen Kindern und den Erziehern der Gruppe. Deshalb ist es wichtig, dass Ihr Kind sein Lieblings- Kuscheltier oder sein Schmusetuch mitbringt, um etwas Vertrautes dabei zu haben. Sie als Eltern begleiten ihr Kind in der Eingew\u00f6hnungsphase so lange wie n\u00f6tig. Wir planen daf\u00fcr ca. 2- 4 Wochen ein. Diese Zeit brauchen Sie, ihr Kind und die Erzieherinnen zum Kennenlernen. Nach einigen Tagen des \u201eBeschnupperns\u201c denken wir \u00fcber die erste Trennungsphase, die nicht l\u00e4nger als ein paar Minuten dauern sollte, nach. Das ist bei jedem Kind unterschiedlich und wird in den n\u00e4chsten Tagen individuell verl\u00e4ngert. Sobald ihr Kind die Trennung akzeptiert bzw. sich von den Erzieherinnen tr\u00f6sten l\u00e4sst, kann es schon l\u00e4ngere Zeit ohne Mama oder Papa in der Gruppe bleiben. &#8211; Der Start in den Kitaalltag kann beginnen &#8211; Die Bezugserzieherin ihres Kindes ber\u00e4t Sie w\u00e4hrend der gesamten Eingew\u00f6hnungsphase und steht Ihnen bei anfallenden Fragen gern zur Verf\u00fcgung. Wir w\u00fcnschen ihren Kindern und Ihnen einen guten Start in eine wundersch\u00f6ne Kindergartenzeit.<\/p>\t\t\t\t\t\t\t\t<\/div>\n\t\t\t\t<\/div>\n\t\t\t\t\t<\/div>\n\t\t<\/div>\n\t\t\t\t\t<\/div>\n\t\t<\/section>\n\t\t\t\t<section class=\"elementor-section elementor-top-section elementor-element elementor-element-298d5ab1 elementor-section-boxed elementor-section-height-default elementor-section-height-default\" data-id=\"298d5ab1\" data-element_type=\"section\" data-e-type=\"section\">\n\t\t\t\t\t\t<div class=\"elementor-container elementor-column-gap-default\">\n\t\t\t\t\t<div class=\"elementor-column elementor-col-100 elementor-top-column elementor-element elementor-element-46e0a45\" data-id=\"46e0a45\" data-element_type=\"column\" data-e-type=\"column\" data-settings=\"{&quot;background_background&quot;:&quot;classic&quot;}\">\n\t\t\t<div class=\"elementor-widget-wrap elementor-element-populated\">\n\t\t\t\t\t\t<div class=\"elementor-element elementor-element-6ff21f4a elementor-widget elementor-widget-image-gallery\" data-id=\"6ff21f4a\" data-element_type=\"widget\" data-e-type=\"widget\" data-widget_type=\"image-gallery.default\">\n\t\t\t\t<div class=\"elementor-widget-container\">\n\t\t\t\t\t\t\t<div class=\"elementor-image-gallery\">\n\t\t\t<div id='gallery-2' class='gallery galleryid-74 gallery-columns-1 gallery-size-full'><figure class='gallery-item'>\n\t\t\t<div class='gallery-icon landscape'>\n\t\t\t\t<a data-elementor-open-lightbox=\"yes\" data-elementor-lightbox-slideshow=\"6ff21f4a\" data-elementor-lightbox-title=\"Unsere KiTa\" data-e-action-hash=\"#elementor-action%3Aaction%3Dlightbox%26settings%3DeyJpZCI6MjIsInVybCI6Imh0dHBzOlwvXC9raW5kZXJsYW5kLWhobS5kZVwvd3AtY29udGVudFwvdXBsb2Fkc1wvMjAyMFwvMDZcL1Vuc2VyZV9LaVRhLmpwZyIsInNsaWRlc2hvdyI6IjZmZjIxZjRhIn0%3D\" href='https:\/\/kinderland-hhm.de\/wp-content\/uploads\/2020\/06\/Unsere_KiTa.jpg'><img loading=\"lazy\" decoding=\"async\" width=\"674\" height=\"300\" src=\"https:\/\/kinderland-hhm.de\/wp-content\/uploads\/2020\/06\/Unsere_KiTa.jpg\" class=\"attachment-full size-full\" alt=\"\" srcset=\"https:\/\/kinderland-hhm.de\/wp-content\/uploads\/2020\/06\/Unsere_KiTa.jpg 674w, https:\/\/kinderland-hhm.de\/wp-content\/uploads\/2020\/06\/Unsere_KiTa-300x134.jpg 300w\" sizes=\"(max-width: 674px) 100vw, 674px\" \/><\/a>\n\t\t\t<\/div><\/figure>\n\t\t<\/div>\n\t\t<\/div>\n\t\t\t\t\t\t<\/div>\n\t\t\t\t<\/div>\n\t\t\t\t<div class=\"elementor-element elementor-element-76dba7ba elementor-widget elementor-widget-spacer\" data-id=\"76dba7ba\" data-element_type=\"widget\" data-e-type=\"widget\" data-widget_type=\"spacer.default\">\n\t\t\t\t<div class=\"elementor-widget-container\">\n\t\t\t\t\t\t\t<div class=\"elementor-spacer\">\n\t\t\t<div class=\"elementor-spacer-inner\"><\/div>\n\t\t<\/div>\n\t\t\t\t\t\t<\/div>\n\t\t\t\t<\/div>\n\t\t\t\t\t<\/div>\n\t\t<\/div>\n\t\t\t\t\t<\/div>\n\t\t<\/section>\n\t\t\t\t<section class=\"elementor-section elementor-top-section elementor-element elementor-element-23ccb81c elementor-section-boxed elementor-section-height-default elementor-section-height-default\" data-id=\"23ccb81c\" data-element_type=\"section\" data-e-type=\"section\">\n\t\t\t\t\t\t<div class=\"elementor-container elementor-column-gap-default\">\n\t\t\t\t\t<div class=\"elementor-column elementor-col-100 elementor-top-column elementor-element elementor-element-73c78a3b\" data-id=\"73c78a3b\" data-element_type=\"column\" data-e-type=\"column\">\n\t\t\t<div class=\"elementor-widget-wrap elementor-element-populated\">\n\t\t\t\t\t\t<div class=\"elementor-element elementor-element-2830dff6 elementor-widget elementor-widget-spacer\" data-id=\"2830dff6\" data-element_type=\"widget\" data-e-type=\"widget\" data-widget_type=\"spacer.default\">\n\t\t\t\t<div class=\"elementor-widget-container\">\n\t\t\t\t\t\t\t<div class=\"elementor-spacer\">\n\t\t\t<div class=\"elementor-spacer-inner\"><\/div>\n\t\t<\/div>\n\t\t\t\t\t\t<\/div>\n\t\t\t\t<\/div>\n\t\t\t\t\t<\/div>\n\t\t<\/div>\n\t\t\t\t\t<\/div>\n\t\t<\/section>\n\t\t\t\t<section class=\"elementor-section elementor-top-section elementor-element elementor-element-7548d491 elementor-section-boxed elementor-section-height-default elementor-section-height-default\" data-id=\"7548d491\" data-element_type=\"section\" data-e-type=\"section\" data-settings=\"{&quot;background_background&quot;:&quot;classic&quot;}\">\n\t\t\t\t\t\t<div class=\"elementor-container elementor-column-gap-default\">\n\t\t\t\t\t<div class=\"elementor-column elementor-col-50 elementor-top-column elementor-element elementor-element-409a1010\" data-id=\"409a1010\" data-element_type=\"column\" data-e-type=\"column\">\n\t\t\t<div class=\"elementor-widget-wrap elementor-element-populated\">\n\t\t\t\t\t\t<div class=\"elementor-element elementor-element-11d4b039 elementor-widget elementor-widget-text-editor\" data-id=\"11d4b039\" data-element_type=\"widget\" data-e-type=\"widget\" data-widget_type=\"text-editor.default\">\n\t\t\t\t<div class=\"elementor-widget-container\">\n\t\t\t\t\t\t\t\t\t<p><strong>Integrative KiTa\u00a0 &#8222;Kinderland-Sonnenschein&#8220;<\/strong><br \/>August-Bebel-Stra\u00dfe 43<br \/>Tel.: 034441\/ 2 22 67<br \/>Fax: 034441\/ 39 23 34<\/p>\n<p>E-Mail: Kinderland@stadt-hohenmoelsen.de<\/p>\t\t\t\t\t\t\t\t<\/div>\n\t\t\t\t<\/div>\n\t\t\t\t\t<\/div>\n\t\t<\/div>\n\t\t\t\t<div class=\"elementor-column elementor-col-50 elementor-top-column elementor-element elementor-element-5cf20111\" data-id=\"5cf20111\" data-element_type=\"column\" data-e-type=\"column\">\n\t\t\t<div class=\"elementor-widget-wrap elementor-element-populated\">\n\t\t\t\t\t\t<div class=\"elementor-element elementor-element-25142dca elementor-widget elementor-widget-text-editor\" data-id=\"25142dca\" data-element_type=\"widget\" data-e-type=\"widget\" data-widget_type=\"text-editor.default\">\n\t\t\t\t<div class=\"elementor-widget-container\">\n\t\t\t\t\t\t\t\t\t<p><a href=\"https:\/\/kinderland-hhm.de\/index.php\/impressum-und-datenschutz\/\">Impressum &amp; Datenschutz<\/a><\/p>\t\t\t\t\t\t\t\t<\/div>\n\t\t\t\t<\/div>\n\t\t\t\t\t<\/div>\n\t\t<\/div>\n\t\t\t\t\t<\/div>\n\t\t<\/section>\n\t\t\t\t<\/div>\n\t\t","protected":false},"excerpt":{"rendered":"<p>HOME | \u00dcBERG\u00c4NGE | UNSER KONZEPT &#8211; KNEIPP \u00dcBERG\u00c4NGE Unser Bildungssystem ist von \u00dcberg\u00e4ngen durchzogen. In der Vorschulzeit sind es drei \u00dcbergangsphasen- von der Familie in den Krippenbereich, von der Krippe in den Kindergarten, von dem Kindergarten in die Grundschule. Von der Familie in die Krippe &#8211; Eingew\u00f6hnung. Von der Krippe in den Kindergarten &#8211; [&hellip;]<\/p>\n","protected":false},"author":1,"featured_media":0,"parent":0,"menu_order":0,"comment_status":"closed","ping_status":"closed","template":"elementor_canvas","meta":{"footnotes":""},"class_list":["post-74","page","type-page","status-publish","hentry"],"_links":{"self":[{"href":"https:\/\/kinderland-hhm.de\/index.php\/wp-json\/wp\/v2\/pages\/74","targetHints":{"allow":["GET"]}}],"collection":[{"href":"https:\/\/kinderland-hhm.de\/index.php\/wp-json\/wp\/v2\/pages"}],"about":[{"href":"https:\/\/kinderland-hhm.de\/index.php\/wp-json\/wp\/v2\/types\/page"}],"author":[{"embeddable":true,"href":"https:\/\/kinderland-hhm.de\/index.php\/wp-json\/wp\/v2\/users\/1"}],"replies":[{"embeddable":true,"href":"https:\/\/kinderland-hhm.de\/index.php\/wp-json\/wp\/v2\/comments?post=74"}],"version-history":[{"count":3,"href":"https:\/\/kinderland-hhm.de\/index.php\/wp-json\/wp\/v2\/pages\/74\/revisions"}],"predecessor-version":[{"id":104,"href":"https:\/\/kinderland-hhm.de\/index.php\/wp-json\/wp\/v2\/pages\/74\/revisions\/104"}],"wp:attachment":[{"href":"https:\/\/kinderland-hhm.de\/index.php\/wp-json\/wp\/v2\/media?parent=74"}],"curies":[{"name":"wp","href":"https:\/\/api.w.org\/{rel}","templated":true}]}}